{"id":225,"date":"2024-08-13T17:07:25","date_gmt":"2024-08-13T17:07:25","guid":{"rendered":"https:\/\/lps.fictoragro.com.br\/consultor-agronegocio\/?page_id=225"},"modified":"2024-09-09T17:48:03","modified_gmt":"2024-09-09T17:48:03","slug":"valmir-almeida-reis-neto-157","status":"publish","type":"page","link":"https:\/\/lps.fictoragro.com.br\/consultor-agronegocio\/valmir-almeida-reis-neto-157\/","title":{"rendered":"Valmir Almeida"},"content":{"rendered":"\n<p>Com s\u00f3lida experi\u00eancia no mercado de gr\u00e3os, a cerealista do Grupo Fictor disp\u00f5e de ampla experi\u00eancia operacional na compra e venda de commodities para o mercado interno.<\/p>\n\n\n\n<p>Atende, em sua maioria, a ind\u00fastria de avicultura, bovina e de ra\u00e7\u00e3o animal. Sua rede de abastecimento movimenta mais de 1 milh\u00e3o de sacas por m\u00eas junto a conceituados compradores.<\/p>\n","protected":false},"excerpt":{"rendered":"<p>Com s\u00f3lida experi\u00eancia no mercado de gr\u00e3os, a cerealista do Grupo Fictor disp\u00f5e de ampla experi\u00eancia operacional na compra e venda de commodities para o mercado interno. Atende, em sua maioria, a ind\u00fastria de avicultura, bovina e de ra\u00e7\u00e3o animal. Sua rede de abastecimento movimenta mais de 1 milh\u00e3o de sacas por m\u00eas junto a [&hellip;]<\/p>\n","protected":false},"author":4,"featured_media":0,"parent":0,"menu_order":0,"comment_status":"closed","ping_status":"closed","template":"page-lp.php","meta":{"content-type":"","footnotes":""},"class_list":["post-225","page","type-page","status-publish","hentry"],"_links":{"self":[{"href":"https:\/\/lps.fictoragro.com.br\/consultor-agronegocio\/wp-json\/wp\/v2\/pages\/225","targetHints":{"allow":["GET"]}}],"collection":[{"href":"https:\/\/lps.fictoragro.com.br\/consultor-agronegocio\/wp-json\/wp\/v2\/pages"}],"about":[{"href":"https:\/\/lps.fictoragro.com.br\/consultor-agronegocio\/wp-json\/wp\/v2\/types\/page"}],"author":[{"embeddable":true,"href":"https:\/\/lps.fictoragro.com.br\/consultor-agronegocio\/wp-json\/wp\/v2\/users\/4"}],"replies":[{"embeddable":true,"href":"https:\/\/lps.fictoragro.com.br\/consultor-agronegocio\/wp-json\/wp\/v2\/comments?post=225"}],"version-history":[{"count":7,"href":"https:\/\/lps.fictoragro.com.br\/consultor-agronegocio\/wp-json\/wp\/v2\/pages\/225\/revisions"}],"predecessor-version":[{"id":361,"href":"https:\/\/lps.fictoragro.com.br\/consultor-agronegocio\/wp-json\/wp\/v2\/pages\/225\/revisions\/361"}],"wp:attachment":[{"href":"https:\/\/lps.fictoragro.com.br\/consultor-agronegocio\/wp-json\/wp\/v2\/media?parent=225"}],"curies":[{"name":"wp","href":"https:\/\/api.w.org\/{rel}","templated":true}]}}